{"id":1278,"date":"2026-02-18T13:00:42","date_gmt":"2026-02-18T12:00:42","guid":{"rendered":"https:\/\/www.cognacphilbert.fr\/?post_type=product&#038;p=1278"},"modified":"2026-02-18T13:12:09","modified_gmt":"2026-02-18T12:12:09","slug":"inventory","status":"publish","type":"product","link":"https:\/\/www.cognacphilbert.fr\/en\/shop\/inventory\/","title":{"rendered":"INVENTORY"},"content":{"rendered":"<p>This cask strength cognac comes from our dry cellar in Bellevigne, Charente. During the annual inventory of our Grande Champagne Cognacs aged over 30 years, we have selected four casks for this blend, which is limited to 1,782 bottles.<\/p>\r\n<p>Powerful and rich nose with complex notes: floral, candied fruit, mango, honey, vanilla bean, and light, well-integrated oak. Equally powerful blend on the palate, round, luscious, with an elegant rancio. Beautiful persistence\/Long finish.<\/p>","protected":false},"excerpt":{"rendered":"<p>This cask strength cognac comes from our dry cellar in Bellevigne, Charente. During the annual inventory of our Grande Champagne Cognacs aged over 30 years, we have selected four casks for this blend, which is limited to 1,782 bottles. Powerful and rich nose with complex notes: floral, candied fruit, mango, honey, vanilla bean, and light, [&hellip;]<\/p>\n","protected":false},"featured_media":1290,"comment_status":"open","ping_status":"closed","template":"","meta":{"_acf_changed":false},"product_brand":[],"product_cat":[34],"product_tag":[],"class_list":{"0":"post-1278","1":"product","2":"type-product","3":"status-publish","4":"has-post-thumbnail","6":"product_cat-craft_specials","8":"first","9":"instock","10":"taxable","11":"shipping-taxable","12":"purchasable","13":"product-type-simple"},"acf":[],"yoast_head":"<!-- This site is optimized with the Yoast SEO plugin v25.3.1 - https:\/\/yoast.com\/wordpress\/plugins\/seo\/ -->\n<title>INVENTORY - Cognac Philbert<\/title>\n<meta name=\"description\" content=\"(Fran\u00e7ais) Cognac INVENTORY &quot;Brut de f\u00fbt&quot; issu de notre chai sec de Bellevigne. 4 f\u00fbts ont \u00e9t\u00e9 s\u00e9lectionn\u00e9s parmi nos cognacs Grande Champagne de plus de 30 ans.\" \/>\n<meta name=\"robots\" content=\"index, follow, max-snippet:-1, max-image-preview:large, max-video-preview:-1\" \/>\n<link rel=\"canonical\" href=\"https:\/\/www.cognacphilbert.fr\/shop\/inventory\/\" \/>\n<meta property=\"og:locale\" content=\"en_US\" \/>\n<meta property=\"og:type\" content=\"article\" \/>\n<meta property=\"og:title\" content=\"INVENTORY - Cognac Philbert\" \/>\n<meta property=\"og:description\" content=\"{:fr}Cognac INVENTORY &quot;Brut de f\u00fbt&quot; issu de notre chai sec de Bellevigne. 4 f\u00fbts ont \u00e9t\u00e9 s\u00e9lectionn\u00e9s parmi nos cognacs Grande Champagne de plus de 30 ans.{:}\" \/>\n<meta property=\"og:url\" content=\"https:\/\/www.cognacphilbert.fr\/shop\/inventory\/\" \/>\n<meta property=\"og:site_name\" content=\"Cognac Philbert\" \/>\n<meta property=\"article:publisher\" content=\"https:\/\/www.facebook.com\/cognacphilbert\/\" \/>\n<meta property=\"article:modified_time\" content=\"2026-02-18T12:12:09+00:00\" \/>\n<meta property=\"og:image\" content=\"https:\/\/www.cognacphilbert.fr\/wp-content\/uploads\/2025\/11\/cognac-philbert-Inventory-Grande-Champagne.png\" \/>\n\t<meta property=\"og:image:width\" content=\"1800\" \/>\n\t<meta property=\"og:image:height\" content=\"1800\" \/>\n\t<meta property=\"og:image:type\" content=\"image\/png\" \/>\n<meta name=\"twitter:card\" content=\"summary_large_image\" \/>\n<meta name=\"twitter:site\" content=\"@cognac_philbert\" \/>\n<meta name=\"twitter:label1\" content=\"Est. reading time\" \/>\n\t<meta name=\"twitter:data1\" content=\"1 minute\" \/>\n<script type=\"application\/ld+json\" class=\"yoast-schema-graph\">{\"@context\":\"https:\/\/schema.org\",\"@graph\":[{\"@type\":\"WebPage\",\"@id\":\"https:\/\/www.cognacphilbert.fr\/shop\/inventory\/\",\"url\":\"https:\/\/www.cognacphilbert.fr\/shop\/inventory\/\",\"name\":\"INVENTORY - Cognac Philbert\",\"isPartOf\":{\"@id\":\"https:\/\/www.cognacphilbert.fr\/#website\"},\"primaryImageOfPage\":{\"@id\":\"https:\/\/www.cognacphilbert.fr\/shop\/inventory\/#primaryimage\"},\"image\":{\"@id\":\"https:\/\/www.cognacphilbert.fr\/shop\/inventory\/#primaryimage\"},\"thumbnailUrl\":\"https:\/\/www.cognacphilbert.fr\/wp-content\/uploads\/2025\/11\/cognac-philbert-Inventory-Grande-Champagne.png\",\"datePublished\":\"2026-02-18T12:00:42+00:00\",\"dateModified\":\"2026-02-18T12:12:09+00:00\",\"description\":\"{:fr}Cognac INVENTORY \\\"Brut de f\u00fbt\\\" issu de notre chai sec de Bellevigne. 4 f\u00fbts ont \u00e9t\u00e9 s\u00e9lectionn\u00e9s parmi nos cognacs Grande Champagne de plus de 30 ans.{:}\",\"breadcrumb\":{\"@id\":\"https:\/\/www.cognacphilbert.fr\/shop\/inventory\/#breadcrumb\"},\"inLanguage\":\"en-US\",\"potentialAction\":[{\"@type\":\"ReadAction\",\"target\":[\"https:\/\/www.cognacphilbert.fr\/shop\/inventory\/\"]}]},{\"@type\":\"ImageObject\",\"inLanguage\":\"en-US\",\"@id\":\"https:\/\/www.cognacphilbert.fr\/shop\/inventory\/#primaryimage\",\"url\":\"https:\/\/www.cognacphilbert.fr\/wp-content\/uploads\/2025\/11\/cognac-philbert-Inventory-Grande-Champagne.png\",\"contentUrl\":\"https:\/\/www.cognacphilbert.fr\/wp-content\/uploads\/2025\/11\/cognac-philbert-Inventory-Grande-Champagne.png\",\"width\":1800,\"height\":1800,\"caption\":\"Cognac Inventory Grande Champagne\"},{\"@type\":\"BreadcrumbList\",\"@id\":\"https:\/\/www.cognacphilbert.fr\/shop\/inventory\/#breadcrumb\",\"itemListElement\":[{\"@type\":\"ListItem\",\"position\":1,\"name\":\"Accueil\",\"item\":\"https:\/\/www.cognacphilbert.fr\/\"},{\"@type\":\"ListItem\",\"position\":2,\"name\":\"Shop\",\"item\":\"https:\/\/www.cognacphilbert.fr\/shop\/\"},{\"@type\":\"ListItem\",\"position\":3,\"name\":\"INVENTORY\"}]},{\"@type\":\"WebSite\",\"@id\":\"https:\/\/www.cognacphilbert.fr\/#website\",\"url\":\"https:\/\/www.cognacphilbert.fr\/\",\"name\":\"Cognac Philbert\",\"description\":\"Crafter at the distlleries\",\"publisher\":{\"@id\":\"https:\/\/www.cognacphilbert.fr\/#organization\"},\"potentialAction\":[{\"@type\":\"SearchAction\",\"target\":{\"@type\":\"EntryPoint\",\"urlTemplate\":\"https:\/\/www.cognacphilbert.fr\/?s={search_term_string}\"},\"query-input\":{\"@type\":\"PropertyValueSpecification\",\"valueRequired\":true,\"valueName\":\"search_term_string\"}}],\"inLanguage\":\"en-US\"},{\"@type\":\"Organization\",\"@id\":\"https:\/\/www.cognacphilbert.fr\/#organization\",\"name\":\"Cognac Philbert\",\"url\":\"https:\/\/www.cognacphilbert.fr\/\",\"logo\":{\"@type\":\"ImageObject\",\"inLanguage\":\"en-US\",\"@id\":\"https:\/\/www.cognacphilbert.fr\/#\/schema\/logo\/image\/\",\"url\":\"https:\/\/www.cognacphilbert.fr\/wp-content\/uploads\/2017\/06\/logo.jpg\",\"contentUrl\":\"https:\/\/www.cognacphilbert.fr\/wp-content\/uploads\/2017\/06\/logo.jpg\",\"width\":350,\"height\":217,\"caption\":\"Cognac Philbert\"},\"image\":{\"@id\":\"https:\/\/www.cognacphilbert.fr\/#\/schema\/logo\/image\/\"},\"sameAs\":[\"https:\/\/www.facebook.com\/cognacphilbert\/\",\"https:\/\/x.com\/cognac_philbert\",\"https:\/\/www.instagram.com\/cognac_philbert\/?hl=fr\"]}]}<\/script>\n<!-- \/ Yoast SEO plugin. -->","yoast_head_json":{"title":"INVENTORY - Cognac Philbert","description":"(Fran\u00e7ais) Cognac INVENTORY \"Brut de f\u00fbt\" issu de notre chai sec de Bellevigne. 4 f\u00fbts ont \u00e9t\u00e9 s\u00e9lectionn\u00e9s parmi nos cognacs Grande Champagne de plus de 30 ans.","robots":{"index":"index","follow":"follow","max-snippet":"max-snippet:-1","max-image-preview":"max-image-preview:large","max-video-preview":"max-video-preview:-1"},"canonical":"https:\/\/www.cognacphilbert.fr\/shop\/inventory\/","og_locale":"en_US","og_type":"article","og_title":"INVENTORY - Cognac Philbert","og_description":"{:fr}Cognac INVENTORY \"Brut de f\u00fbt\" issu de notre chai sec de Bellevigne. 4 f\u00fbts ont \u00e9t\u00e9 s\u00e9lectionn\u00e9s parmi nos cognacs Grande Champagne de plus de 30 ans.{:}","og_url":"https:\/\/www.cognacphilbert.fr\/shop\/inventory\/","og_site_name":"Cognac Philbert","article_publisher":"https:\/\/www.facebook.com\/cognacphilbert\/","article_modified_time":"2026-02-18T12:12:09+00:00","og_image":[{"width":1800,"height":1800,"url":"https:\/\/www.cognacphilbert.fr\/wp-content\/uploads\/2025\/11\/cognac-philbert-Inventory-Grande-Champagne.png","type":"image\/png"}],"twitter_card":"summary_large_image","twitter_site":"@cognac_philbert","twitter_misc":{"Est. reading time":"1 minute"},"schema":{"@context":"https:\/\/schema.org","@graph":[{"@type":"WebPage","@id":"https:\/\/www.cognacphilbert.fr\/shop\/inventory\/","url":"https:\/\/www.cognacphilbert.fr\/shop\/inventory\/","name":"INVENTORY - Cognac Philbert","isPartOf":{"@id":"https:\/\/www.cognacphilbert.fr\/#website"},"primaryImageOfPage":{"@id":"https:\/\/www.cognacphilbert.fr\/shop\/inventory\/#primaryimage"},"image":{"@id":"https:\/\/www.cognacphilbert.fr\/shop\/inventory\/#primaryimage"},"thumbnailUrl":"https:\/\/www.cognacphilbert.fr\/wp-content\/uploads\/2025\/11\/cognac-philbert-Inventory-Grande-Champagne.png","datePublished":"2026-02-18T12:00:42+00:00","dateModified":"2026-02-18T12:12:09+00:00","description":"{:fr}Cognac INVENTORY \"Brut de f\u00fbt\" issu de notre chai sec de Bellevigne. 4 f\u00fbts ont \u00e9t\u00e9 s\u00e9lectionn\u00e9s parmi nos cognacs Grande Champagne de plus de 30 ans.{:}","breadcrumb":{"@id":"https:\/\/www.cognacphilbert.fr\/shop\/inventory\/#breadcrumb"},"inLanguage":"en-US","potentialAction":[{"@type":"ReadAction","target":["https:\/\/www.cognacphilbert.fr\/shop\/inventory\/"]}]},{"@type":"ImageObject","inLanguage":"en-US","@id":"https:\/\/www.cognacphilbert.fr\/shop\/inventory\/#primaryimage","url":"https:\/\/www.cognacphilbert.fr\/wp-content\/uploads\/2025\/11\/cognac-philbert-Inventory-Grande-Champagne.png","contentUrl":"https:\/\/www.cognacphilbert.fr\/wp-content\/uploads\/2025\/11\/cognac-philbert-Inventory-Grande-Champagne.png","width":1800,"height":1800,"caption":"Cognac Inventory Grande Champagne"},{"@type":"BreadcrumbList","@id":"https:\/\/www.cognacphilbert.fr\/shop\/inventory\/#breadcrumb","itemListElement":[{"@type":"ListItem","position":1,"name":"Accueil","item":"https:\/\/www.cognacphilbert.fr\/"},{"@type":"ListItem","position":2,"name":"Shop","item":"https:\/\/www.cognacphilbert.fr\/shop\/"},{"@type":"ListItem","position":3,"name":"INVENTORY"}]},{"@type":"WebSite","@id":"https:\/\/www.cognacphilbert.fr\/#website","url":"https:\/\/www.cognacphilbert.fr\/","name":"Cognac Philbert","description":"Crafter at the distlleries","publisher":{"@id":"https:\/\/www.cognacphilbert.fr\/#organization"},"potentialAction":[{"@type":"SearchAction","target":{"@type":"EntryPoint","urlTemplate":"https:\/\/www.cognacphilbert.fr\/?s={search_term_string}"},"query-input":{"@type":"PropertyValueSpecification","valueRequired":true,"valueName":"search_term_string"}}],"inLanguage":"en-US"},{"@type":"Organization","@id":"https:\/\/www.cognacphilbert.fr\/#organization","name":"Cognac Philbert","url":"https:\/\/www.cognacphilbert.fr\/","logo":{"@type":"ImageObject","inLanguage":"en-US","@id":"https:\/\/www.cognacphilbert.fr\/#\/schema\/logo\/image\/","url":"https:\/\/www.cognacphilbert.fr\/wp-content\/uploads\/2017\/06\/logo.jpg","contentUrl":"https:\/\/www.cognacphilbert.fr\/wp-content\/uploads\/2017\/06\/logo.jpg","width":350,"height":217,"caption":"Cognac Philbert"},"image":{"@id":"https:\/\/www.cognacphilbert.fr\/#\/schema\/logo\/image\/"},"sameAs":["https:\/\/www.facebook.com\/cognacphilbert\/","https:\/\/x.com\/cognac_philbert","https:\/\/www.instagram.com\/cognac_philbert\/?hl=fr"]}]}},"_links":{"self":[{"href":"https:\/\/www.cognacphilbert.fr\/en\/wp-json\/wp\/v2\/product\/1278","targetHints":{"allow":["GET"]}}],"collection":[{"href":"https:\/\/www.cognacphilbert.fr\/en\/wp-json\/wp\/v2\/product"}],"about":[{"href":"https:\/\/www.cognacphilbert.fr\/en\/wp-json\/wp\/v2\/types\/product"}],"replies":[{"embeddable":true,"href":"https:\/\/www.cognacphilbert.fr\/en\/wp-json\/wp\/v2\/comments?post=1278"}],"wp:featuredmedia":[{"embeddable":true,"href":"https:\/\/www.cognacphilbert.fr\/en\/wp-json\/wp\/v2\/media\/1290"}],"wp:attachment":[{"href":"https:\/\/www.cognacphilbert.fr\/en\/wp-json\/wp\/v2\/media?parent=1278"}],"wp:term":[{"taxonomy":"product_brand","embeddable":true,"href":"https:\/\/www.cognacphilbert.fr\/en\/wp-json\/wp\/v2\/product_brand?post=1278"},{"taxonomy":"product_cat","embeddable":true,"href":"https:\/\/www.cognacphilbert.fr\/en\/wp-json\/wp\/v2\/product_cat?post=1278"},{"taxonomy":"product_tag","embeddable":true,"href":"https:\/\/www.cognacphilbert.fr\/en\/wp-json\/wp\/v2\/product_tag?post=1278"}],"curies":[{"name":"wp","href":"https:\/\/api.w.org\/{rel}","templated":true}]}}