{"id":958,"date":"2021-12-21T12:00:54","date_gmt":"2021-12-21T11:00:54","guid":{"rendered":"https:\/\/www.cognacphilbert.fr\/?post_type=product&#038;p=958"},"modified":"2025-10-14T19:19:20","modified_gmt":"2025-10-14T17:19:20","slug":"cognac-philbert-xo","status":"publish","type":"product","link":"https:\/\/www.cognacphilbert.fr\/en\/shop\/cognac-philbert-xo\/","title":{"rendered":"Cognac Philbert XO"},"content":{"rendered":"<strong>CLASSICS &#8211;<\/strong> A traditional range of Cognacs reinvented by the Philbert Brothers. The batches of Cognac that we produce are unique, the bottles are numbered, and in this way we stand out from the usual traditional Cognac. Cognac Philbert provides a different experience with a variation on our original repertoire.\r\n<br><br>\r\n<strong>Vintage:<\/strong> Blend of Cognacs from Grande Champagne and Petite Champagne, grown on our estate.\r\n<br><br>\r\n<strong>Colour:<\/strong> Antique amber.<br><br>\r\n<strong>Nose:<\/strong> Hints of candied fruit \u2013 prunes -, flowers &#8211; iris \u2013 and spices combine to form a rich and complex nose. <br><br>\r\n<strong>Palate: <\/strong>The rich, elegant aromas of candied fruit, spices and woodiness radiate throughout, prune and leather notes are a reminder of the decades that this eau-de-vie has been maturing.","protected":false},"excerpt":{"rendered":"<p>CLASSICS &#8211; A traditional range of Cognacs reinvented by the Philbert Brothers. The batches of Cognac that we produce are unique, the bottles are numbered, and in this way we stand out from the usual traditional Cognac. Cognac Philbert provides a different experience with a variation on our original repertoire. Vintage: Blend of Cognacs from [&hellip;]<\/p>\n","protected":false},"featured_media":1273,"comment_status":"open","ping_status":"closed","template":"","meta":{"_acf_changed":false},"product_brand":[],"product_cat":[38],"product_tag":[],"class_list":{"0":"post-958","1":"product","2":"type-product","3":"status-publish","4":"has-post-thumbnail","6":"product_cat-new-heritage","8":"first","9":"instock","10":"taxable","11":"shipping-taxable","12":"purchasable","13":"product-type-simple"},"acf":[],"yoast_head":"<!-- This site is optimized with the Yoast SEO plugin v25.3.1 - https:\/\/yoast.com\/wordpress\/plugins\/seo\/ -->\n<title>Cognac Philbert XO - Cognac Philbert<\/title>\n<meta name=\"description\" content=\"CLASSICS - A traditional range of Cognacs reinvented by the Philbert Brothers. The batches of Cognac that we produce are unique, the bottles are numbered, and in this way we stand out from the usual traditional Cognac. Cognac Philbert provides a different experience with a variation on our original repertoire.Vintage: Blend of Cognacs from Grande Champagne and Petite Champagne, grown on our estate.\" \/>\n<meta name=\"robots\" content=\"index, follow, max-snippet:-1, max-image-preview:large, max-video-preview:-1\" \/>\n<link rel=\"canonical\" href=\"https:\/\/www.cognacphilbert.fr\/shop\/cognac-philbert-xo\/\" \/>\n<meta property=\"og:locale\" content=\"en_US\" \/>\n<meta property=\"og:type\" content=\"article\" \/>\n<meta property=\"og:title\" content=\"Cognac Philbert XO - Cognac Philbert\" \/>\n<meta property=\"og:description\" content=\"{:fr}CLASSICS - Une gamme traditionnelle de Cognacs r\u00e9invent\u00e9e par Philbert Brothers. Les lots de Cognac que nous produisons sont uniques, les bouteilles sont num\u00e9rot\u00e9es, pour se distinguer du Cognac traditionnel. Cognac Philbert offre une exp\u00e9rience diff\u00e9rente avec une variation de notre r\u00e9pertoire original.Mill\u00e9sime : M\u00e9lange de Cognacs de Grande Champagne et de Petite Champagne, cultiv\u00e9s sur notre domaine.{:en}CLASSICS - A traditional range of Cognacs reinvented by the Philbert Brothers. The batches of Cognac that we produce are unique, the bottles are numbered, and in this way we stand out from the usual traditional Cognac. Cognac Philbert provides a different experience with a variation on our original repertoire.Vintage: Blend of Cognacs from Grande Champagne and Petite Champagne, grown on our estate.{:}\" \/>\n<meta property=\"og:url\" content=\"https:\/\/www.cognacphilbert.fr\/shop\/cognac-philbert-xo\/\" \/>\n<meta property=\"og:site_name\" content=\"Cognac Philbert\" \/>\n<meta property=\"article:publisher\" content=\"https:\/\/www.facebook.com\/cognacphilbert\/\" \/>\n<meta property=\"article:modified_time\" content=\"2025-10-14T17:19:20+00:00\" \/>\n<meta property=\"og:image\" content=\"https:\/\/www.cognacphilbert.fr\/wp-content\/uploads\/2021\/12\/cognac-philbert-XO.png\" \/>\n\t<meta property=\"og:image:width\" content=\"1200\" \/>\n\t<meta property=\"og:image:height\" content=\"1200\" \/>\n\t<meta property=\"og:image:type\" content=\"image\/png\" \/>\n<meta name=\"twitter:card\" content=\"summary_large_image\" \/>\n<meta name=\"twitter:site\" content=\"@cognac_philbert\" \/>\n<meta name=\"twitter:label1\" content=\"Est. reading time\" \/>\n\t<meta name=\"twitter:data1\" content=\"2 minutes\" \/>\n<script type=\"application\/ld+json\" class=\"yoast-schema-graph\">{\"@context\":\"https:\/\/schema.org\",\"@graph\":[{\"@type\":\"WebPage\",\"@id\":\"https:\/\/www.cognacphilbert.fr\/shop\/cognac-philbert-xo\/\",\"url\":\"https:\/\/www.cognacphilbert.fr\/shop\/cognac-philbert-xo\/\",\"name\":\"Cognac Philbert XO - Cognac Philbert\",\"isPartOf\":{\"@id\":\"https:\/\/www.cognacphilbert.fr\/#website\"},\"primaryImageOfPage\":{\"@id\":\"https:\/\/www.cognacphilbert.fr\/shop\/cognac-philbert-xo\/#primaryimage\"},\"image\":{\"@id\":\"https:\/\/www.cognacphilbert.fr\/shop\/cognac-philbert-xo\/#primaryimage\"},\"thumbnailUrl\":\"https:\/\/www.cognacphilbert.fr\/wp-content\/uploads\/2021\/12\/cognac-philbert-XO.png\",\"datePublished\":\"2021-12-21T11:00:54+00:00\",\"dateModified\":\"2025-10-14T17:19:20+00:00\",\"description\":\"{:fr}CLASSICS - Une gamme traditionnelle de Cognacs r\u00e9invent\u00e9e par Philbert Brothers. Les lots de Cognac que nous produisons sont uniques, les bouteilles sont num\u00e9rot\u00e9es, pour se distinguer du Cognac traditionnel. Cognac Philbert offre une exp\u00e9rience diff\u00e9rente avec une variation de notre r\u00e9pertoire original.Mill\u00e9sime : M\u00e9lange de Cognacs de Grande Champagne et de Petite Champagne, cultiv\u00e9s sur notre domaine.{:en}CLASSICS - A traditional range of Cognacs reinvented by the Philbert Brothers. The batches of Cognac that we produce are unique, the bottles are numbered, and in this way we stand out from the usual traditional Cognac. Cognac Philbert provides a different experience with a variation on our original repertoire.Vintage: Blend of Cognacs from Grande Champagne and Petite Champagne, grown on our estate.{:}\",\"breadcrumb\":{\"@id\":\"https:\/\/www.cognacphilbert.fr\/shop\/cognac-philbert-xo\/#breadcrumb\"},\"inLanguage\":\"en-US\",\"potentialAction\":[{\"@type\":\"ReadAction\",\"target\":[\"https:\/\/www.cognacphilbert.fr\/shop\/cognac-philbert-xo\/\"]}]},{\"@type\":\"ImageObject\",\"inLanguage\":\"en-US\",\"@id\":\"https:\/\/www.cognacphilbert.fr\/shop\/cognac-philbert-xo\/#primaryimage\",\"url\":\"https:\/\/www.cognacphilbert.fr\/wp-content\/uploads\/2021\/12\/cognac-philbert-XO.png\",\"contentUrl\":\"https:\/\/www.cognacphilbert.fr\/wp-content\/uploads\/2021\/12\/cognac-philbert-XO.png\",\"width\":1200,\"height\":1200},{\"@type\":\"BreadcrumbList\",\"@id\":\"https:\/\/www.cognacphilbert.fr\/shop\/cognac-philbert-xo\/#breadcrumb\",\"itemListElement\":[{\"@type\":\"ListItem\",\"position\":1,\"name\":\"Accueil\",\"item\":\"https:\/\/www.cognacphilbert.fr\/\"},{\"@type\":\"ListItem\",\"position\":2,\"name\":\"Shop\",\"item\":\"https:\/\/www.cognacphilbert.fr\/shop\/\"},{\"@type\":\"ListItem\",\"position\":3,\"name\":\"Cognac Philbert XO\"}]},{\"@type\":\"WebSite\",\"@id\":\"https:\/\/www.cognacphilbert.fr\/#website\",\"url\":\"https:\/\/www.cognacphilbert.fr\/\",\"name\":\"Cognac Philbert\",\"description\":\"Crafter at the distlleries\",\"publisher\":{\"@id\":\"https:\/\/www.cognacphilbert.fr\/#organization\"},\"potentialAction\":[{\"@type\":\"SearchAction\",\"target\":{\"@type\":\"EntryPoint\",\"urlTemplate\":\"https:\/\/www.cognacphilbert.fr\/?s={search_term_string}\"},\"query-input\":{\"@type\":\"PropertyValueSpecification\",\"valueRequired\":true,\"valueName\":\"search_term_string\"}}],\"inLanguage\":\"en-US\"},{\"@type\":\"Organization\",\"@id\":\"https:\/\/www.cognacphilbert.fr\/#organization\",\"name\":\"Cognac Philbert\",\"url\":\"https:\/\/www.cognacphilbert.fr\/\",\"logo\":{\"@type\":\"ImageObject\",\"inLanguage\":\"en-US\",\"@id\":\"https:\/\/www.cognacphilbert.fr\/#\/schema\/logo\/image\/\",\"url\":\"https:\/\/www.cognacphilbert.fr\/wp-content\/uploads\/2017\/06\/logo.jpg\",\"contentUrl\":\"https:\/\/www.cognacphilbert.fr\/wp-content\/uploads\/2017\/06\/logo.jpg\",\"width\":350,\"height\":217,\"caption\":\"Cognac Philbert\"},\"image\":{\"@id\":\"https:\/\/www.cognacphilbert.fr\/#\/schema\/logo\/image\/\"},\"sameAs\":[\"https:\/\/www.facebook.com\/cognacphilbert\/\",\"https:\/\/x.com\/cognac_philbert\",\"https:\/\/www.instagram.com\/cognac_philbert\/?hl=fr\"]}]}<\/script>\n<!-- \/ Yoast SEO plugin. -->","yoast_head_json":{"title":"Cognac Philbert XO - Cognac Philbert","description":"CLASSICS - A traditional range of Cognacs reinvented by the Philbert Brothers. The batches of Cognac that we produce are unique, the bottles are numbered, and in this way we stand out from the usual traditional Cognac. Cognac Philbert provides a different experience with a variation on our original repertoire.Vintage: Blend of Cognacs from Grande Champagne and Petite Champagne, grown on our estate.","robots":{"index":"index","follow":"follow","max-snippet":"max-snippet:-1","max-image-preview":"max-image-preview:large","max-video-preview":"max-video-preview:-1"},"canonical":"https:\/\/www.cognacphilbert.fr\/shop\/cognac-philbert-xo\/","og_locale":"en_US","og_type":"article","og_title":"Cognac Philbert XO - Cognac Philbert","og_description":"{:fr}CLASSICS - Une gamme traditionnelle de Cognacs r\u00e9invent\u00e9e par Philbert Brothers. Les lots de Cognac que nous produisons sont uniques, les bouteilles sont num\u00e9rot\u00e9es, pour se distinguer du Cognac traditionnel. Cognac Philbert offre une exp\u00e9rience diff\u00e9rente avec une variation de notre r\u00e9pertoire original.Mill\u00e9sime : M\u00e9lange de Cognacs de Grande Champagne et de Petite Champagne, cultiv\u00e9s sur notre domaine.{:en}CLASSICS - A traditional range of Cognacs reinvented by the Philbert Brothers. The batches of Cognac that we produce are unique, the bottles are numbered, and in this way we stand out from the usual traditional Cognac. Cognac Philbert provides a different experience with a variation on our original repertoire.Vintage: Blend of Cognacs from Grande Champagne and Petite Champagne, grown on our estate.{:}","og_url":"https:\/\/www.cognacphilbert.fr\/shop\/cognac-philbert-xo\/","og_site_name":"Cognac Philbert","article_publisher":"https:\/\/www.facebook.com\/cognacphilbert\/","article_modified_time":"2025-10-14T17:19:20+00:00","og_image":[{"width":1200,"height":1200,"url":"https:\/\/www.cognacphilbert.fr\/wp-content\/uploads\/2021\/12\/cognac-philbert-XO.png","type":"image\/png"}],"twitter_card":"summary_large_image","twitter_site":"@cognac_philbert","twitter_misc":{"Est. reading time":"2 minutes"},"schema":{"@context":"https:\/\/schema.org","@graph":[{"@type":"WebPage","@id":"https:\/\/www.cognacphilbert.fr\/shop\/cognac-philbert-xo\/","url":"https:\/\/www.cognacphilbert.fr\/shop\/cognac-philbert-xo\/","name":"Cognac Philbert XO - Cognac Philbert","isPartOf":{"@id":"https:\/\/www.cognacphilbert.fr\/#website"},"primaryImageOfPage":{"@id":"https:\/\/www.cognacphilbert.fr\/shop\/cognac-philbert-xo\/#primaryimage"},"image":{"@id":"https:\/\/www.cognacphilbert.fr\/shop\/cognac-philbert-xo\/#primaryimage"},"thumbnailUrl":"https:\/\/www.cognacphilbert.fr\/wp-content\/uploads\/2021\/12\/cognac-philbert-XO.png","datePublished":"2021-12-21T11:00:54+00:00","dateModified":"2025-10-14T17:19:20+00:00","description":"{:fr}CLASSICS - Une gamme traditionnelle de Cognacs r\u00e9invent\u00e9e par Philbert Brothers. Les lots de Cognac que nous produisons sont uniques, les bouteilles sont num\u00e9rot\u00e9es, pour se distinguer du Cognac traditionnel. Cognac Philbert offre une exp\u00e9rience diff\u00e9rente avec une variation de notre r\u00e9pertoire original.Mill\u00e9sime : M\u00e9lange de Cognacs de Grande Champagne et de Petite Champagne, cultiv\u00e9s sur notre domaine.{:en}CLASSICS - A traditional range of Cognacs reinvented by the Philbert Brothers. The batches of Cognac that we produce are unique, the bottles are numbered, and in this way we stand out from the usual traditional Cognac. Cognac Philbert provides a different experience with a variation on our original repertoire.Vintage: Blend of Cognacs from Grande Champagne and Petite Champagne, grown on our estate.{:}","breadcrumb":{"@id":"https:\/\/www.cognacphilbert.fr\/shop\/cognac-philbert-xo\/#breadcrumb"},"inLanguage":"en-US","potentialAction":[{"@type":"ReadAction","target":["https:\/\/www.cognacphilbert.fr\/shop\/cognac-philbert-xo\/"]}]},{"@type":"ImageObject","inLanguage":"en-US","@id":"https:\/\/www.cognacphilbert.fr\/shop\/cognac-philbert-xo\/#primaryimage","url":"https:\/\/www.cognacphilbert.fr\/wp-content\/uploads\/2021\/12\/cognac-philbert-XO.png","contentUrl":"https:\/\/www.cognacphilbert.fr\/wp-content\/uploads\/2021\/12\/cognac-philbert-XO.png","width":1200,"height":1200},{"@type":"BreadcrumbList","@id":"https:\/\/www.cognacphilbert.fr\/shop\/cognac-philbert-xo\/#breadcrumb","itemListElement":[{"@type":"ListItem","position":1,"name":"Accueil","item":"https:\/\/www.cognacphilbert.fr\/"},{"@type":"ListItem","position":2,"name":"Shop","item":"https:\/\/www.cognacphilbert.fr\/shop\/"},{"@type":"ListItem","position":3,"name":"Cognac Philbert XO"}]},{"@type":"WebSite","@id":"https:\/\/www.cognacphilbert.fr\/#website","url":"https:\/\/www.cognacphilbert.fr\/","name":"Cognac Philbert","description":"Crafter at the distlleries","publisher":{"@id":"https:\/\/www.cognacphilbert.fr\/#organization"},"potentialAction":[{"@type":"SearchAction","target":{"@type":"EntryPoint","urlTemplate":"https:\/\/www.cognacphilbert.fr\/?s={search_term_string}"},"query-input":{"@type":"PropertyValueSpecification","valueRequired":true,"valueName":"search_term_string"}}],"inLanguage":"en-US"},{"@type":"Organization","@id":"https:\/\/www.cognacphilbert.fr\/#organization","name":"Cognac Philbert","url":"https:\/\/www.cognacphilbert.fr\/","logo":{"@type":"ImageObject","inLanguage":"en-US","@id":"https:\/\/www.cognacphilbert.fr\/#\/schema\/logo\/image\/","url":"https:\/\/www.cognacphilbert.fr\/wp-content\/uploads\/2017\/06\/logo.jpg","contentUrl":"https:\/\/www.cognacphilbert.fr\/wp-content\/uploads\/2017\/06\/logo.jpg","width":350,"height":217,"caption":"Cognac Philbert"},"image":{"@id":"https:\/\/www.cognacphilbert.fr\/#\/schema\/logo\/image\/"},"sameAs":["https:\/\/www.facebook.com\/cognacphilbert\/","https:\/\/x.com\/cognac_philbert","https:\/\/www.instagram.com\/cognac_philbert\/?hl=fr"]}]}},"_links":{"self":[{"href":"https:\/\/www.cognacphilbert.fr\/en\/wp-json\/wp\/v2\/product\/958","targetHints":{"allow":["GET"]}}],"collection":[{"href":"https:\/\/www.cognacphilbert.fr\/en\/wp-json\/wp\/v2\/product"}],"about":[{"href":"https:\/\/www.cognacphilbert.fr\/en\/wp-json\/wp\/v2\/types\/product"}],"replies":[{"embeddable":true,"href":"https:\/\/www.cognacphilbert.fr\/en\/wp-json\/wp\/v2\/comments?post=958"}],"wp:featuredmedia":[{"embeddable":true,"href":"https:\/\/www.cognacphilbert.fr\/en\/wp-json\/wp\/v2\/media\/1273"}],"wp:attachment":[{"href":"https:\/\/www.cognacphilbert.fr\/en\/wp-json\/wp\/v2\/media?parent=958"}],"wp:term":[{"taxonomy":"product_brand","embeddable":true,"href":"https:\/\/www.cognacphilbert.fr\/en\/wp-json\/wp\/v2\/product_brand?post=958"},{"taxonomy":"product_cat","embeddable":true,"href":"https:\/\/www.cognacphilbert.fr\/en\/wp-json\/wp\/v2\/product_cat?post=958"},{"taxonomy":"product_tag","embeddable":true,"href":"https:\/\/www.cognacphilbert.fr\/en\/wp-json\/wp\/v2\/product_tag?post=958"}],"curies":[{"name":"wp","href":"https:\/\/api.w.org\/{rel}","templated":true}]}}